{"id":2945,"date":"2026-05-12T11:56:37","date_gmt":"2026-05-12T09:56:37","guid":{"rendered":"https:\/\/tf3-maschinen.de\/?post_type=product&#038;p=2945"},"modified":"2026-05-12T12:13:46","modified_gmt":"2026-05-12T10:13:46","slug":"frontscheibenmaehwerk-300-cm-scheibenmaewerk-frontanbau-30-m-talex","status":"publish","type":"product","link":"https:\/\/tf3-maschinen.de\/index.php\/produkt\/frontscheibenmaehwerk-300-cm-scheibenmaewerk-frontanbau-30-m-talex\/","title":{"rendered":"Frontscheibenm\u00e4hwerk 300 Cm Scheibenm\u00e4werk Frontanbau 3,0 M TALEX"},"content":{"rendered":"<p>Federantlastungsystem<br \/>\nReduzieret den Druck des M\u00e4hbalkens auf den Boden<\/p>\n<p>Erm\u00f6glicht eine perfekte Bodenanpassung<\/p>\n<p>Kegelradgetriebe<br \/>\nHergestellt von namhaften Herstellern<\/p>\n<p>Schwimmstellung<br \/>\nErm\u00f6glicht einen reibungslosen Betrieb auf unebenem Gel\u00e4nde<\/p>\n<p>Gleichm\u00e4\u00dfige Belastung des M\u00e4hbalkens<br \/>\nBereich +7\u00b0\/-6\u00b0<\/p>\n<p>Anhebbare Klappen<br \/>\nErleichtern den Zugang zum M\u00e4hbalken erheblich, falls die Messer ausgetauscht werden m\u00fcssen<br \/>\nHydraulikzylinder<br \/>\nErleichtert das Man\u00f6vrieren und den Transport der Maschine<\/p>\n<p>Metalabdeckung + Schutztuch<br \/>\nDie Schutzplane aus hochwertigem Material bietet einen idealen Schutz vor dem Auswurf gef\u00e4hrlicher Elemente<\/p>\n<p>Anbaudreieck<br \/>\nDas standardm\u00e4\u00dfig montierte Anbaudreieck erleichtert die Ankupplung der Maschine an den Schlepper<\/p>\n<p>Gelenkwellenschutz<br \/>\nEs sch\u00fctzt die Gelenkwelle vor Besch\u00e4digung und Eindringen von Schmutz<\/p>\n<p>Technische Daten:<br \/>\nM\u00e4hertyp FAST CUT 300<br \/>\nArbeitsbreite [m] 3,00<br \/>\nMin. Leistungsbedarf [PS] 80<br \/>\nGewicht [kg] 940<br \/>\nFl\u00e4chenleistung [ha\/h] 3<br \/>\nAnzahl der Scheiben\/Messer [St.] 7\/14<br \/>\nKategorie f\u00fcr Dreipunktanbau II<br \/>\nGelenkwelle [Nm] 880Nm L-920 Einweg + Reibungskupplung 1200Nm<br \/>\nZapfeldrehzahl [U.\/min] 1000<br \/>\nMaschine und hydraulik JA<\/p>\n","protected":false},"excerpt":{"rendered":"<p class=\"Standard\">Das Frontscheibenm\u00e4hwerk Fast Cut ist f\u00fcr gro\u00dfe landwirtschaftliche Betriebe konzipiert.<\/p>\n<p class=\"Standard\">Die Schnittbreite, die in Kombination mit der Heckausf\u00fchrung OPTI CUT erreicht werden kann, betr\u00e4gt mehr als 6 m.<\/p>\n<p class=\"Standard\">Dank dieser Maschine verschlingt das M\u00e4hen von Gr\u00fcngut keine wertvollen Stunden mehr und reduziert den Kraftstoffverbrauch erheblich.<\/p>\n<p class=\"Standard\">\n","protected":false},"featured_media":2963,"template":"","meta":{"site-sidebar-layout":"default","site-content-layout":"content-boxed-container","ast-global-header-display":"","ast-main-header-display":"","ast-hfb-above-header-display":"","ast-hfb-below-header-display":"","ast-hfb-mobile-header-display":"","site-post-title":"","ast-breadcrumbs-content":"","ast-featured-img":"","footer-sml-layout":"","theme-transparent-header-meta":"default","adv-header-id-meta":"","stick-header-meta":"","header-above-stick-meta":"","header-main-stick-meta":"","header-below-stick-meta":""},"product_cat":[119,38],"product_tag":[],"_links":{"self":[{"href":"https:\/\/tf3-maschinen.de\/index.php\/wp-json\/wp\/v2\/product\/2945"}],"collection":[{"href":"https:\/\/tf3-maschinen.de\/index.php\/wp-json\/wp\/v2\/product"}],"about":[{"href":"https:\/\/tf3-maschinen.de\/index.php\/wp-json\/wp\/v2\/types\/product"}],"wp:featuredmedia":[{"embeddable":true,"href":"https:\/\/tf3-maschinen.de\/index.php\/wp-json\/wp\/v2\/media\/2963"}],"wp:attachment":[{"href":"https:\/\/tf3-maschinen.de\/index.php\/wp-json\/wp\/v2\/media?parent=2945"}],"wp:term":[{"taxonomy":"product_cat","embeddable":true,"href":"https:\/\/tf3-maschinen.de\/index.php\/wp-json\/wp\/v2\/product_cat?post=2945"},{"taxonomy":"product_tag","embeddable":true,"href":"https:\/\/tf3-maschinen.de\/index.php\/wp-json\/wp\/v2\/product_tag?post=2945"}],"curies":[{"name":"wp","href":"https:\/\/api.w.org\/{rel}","templated":true}]}}