{"id":2923,"date":"2026-04-29T09:59:01","date_gmt":"2026-04-29T07:59:01","guid":{"rendered":"https:\/\/tf3-maschinen.de\/?post_type=product&#038;p=2923"},"modified":"2026-04-29T10:01:18","modified_gmt":"2026-04-29T08:01:18","slug":"wassertank-frontgewicht-600-l-dreipunkt-wasserspritze-heckgewicht-2","status":"publish","type":"product","link":"https:\/\/tf3-maschinen.de\/index.php\/produkt\/wassertank-frontgewicht-600-l-dreipunkt-wasserspritze-heckgewicht-2\/","title":{"rendered":"Wassertank Frontgewicht 600 L Dreipunkt Wasserspritze Heckgewicht"},"content":{"rendered":"<p>Dreipunktaufnahme Kat 1-3<br \/>\nEin 600 Liter Feuertank, auch L\u00f6schtank genannt, ist ein Wassertank, der oft an der Vorderseite von Traktoren montiert wird und als Ballast oder zur Brandbek\u00e4mpfung dient.\u00a0Er kann auch als Wassertank f\u00fcr andere Zwecke genutzt werden.\u00a0Die Tanks haben in der Regel eine Dreipunktaufh\u00e4ngung und k\u00f6nnen mit einem Kugelhahn bef\u00fcllt werden.<br \/>\nMerkmale eines 600L Feuertanks\/L\u00f6schtanks:<br \/>\n\u2022 Fassungsverm\u00f6gen:\u00a0600 Liter.<br \/>\n\u2022 Verwendung:\u00a0Kann als Ballast f\u00fcr Traktoren dienen, zur Brandbek\u00e4mpfung (mit Schlauch und Pumpe) oder als Wasserreservoir.<br \/>\n\u2022 Bef\u00fcllung:\u00a0 \u00fcber einen Kugelhahn an der Oberseite.<br \/>\n\u2022 Montage:\u00a0Kann an der Vorderseite von Traktoren mit Dreipunktaufh\u00e4ngung (Kat 1-3) montiert werden.<br \/>\n\u2022 Zus\u00e4tzliche Merkmale: Unsere Modelle verf\u00fcgen \u00fcber eine Arbeitsbeleuchtung und die M\u00f6glichkeit, einen Druckregler anzuschlie\u00dfen.<br \/>\n\u2022 Material und Farbe:\u00a0In verschiedenen Farben, wie rot, gr\u00fcn oder verzinkt, erh\u00e4ltlich.<br \/>\n\u2022 Zus\u00e4tzliches:\u00a0Unsere Modelle sind mit einem 25 Meter langen Schlauch geliefert.<br \/>\nZus\u00e4tzliche Informationen:<br \/>\n\u2022 Ballastfunktion:<br \/>\nDer Tank kann als Gegengewicht f\u00fcr den Traktor dienen, insbesondere bei Arbeiten mit Frontanbauger\u00e4ten.<br \/>\n\u2022 Brandbek\u00e4mpfung:<br \/>\nDer Tank kann mit einer Pumpe und einem Schlauch ausgestattet werden, um im Brandfall Wasser zur Verf\u00fcgung zu haben.<br \/>\nDieser Tank kann 3 Fach bedient sein.<\/p>\n<p>Bef\u00fcllung erfolgt oben mit Kugelhahn 1 1\/4,<br \/>\nEntleerung unten Kugelhahn \u00be und R\u00fcckschlagventil<\/p>\n<p>Druck kann man auch mit Druckregler umstellen.<br \/>\nSchnelle Montage erleichtert Luftschnellkupplung<\/p>\n<p>Zum Anschluss der Pneumatikanlage vom Schlepper, Italianischer produktion<\/p>\n<p>Au\u00dfenma\u00dfen:<\/p>\n<p>Breite &#8211; 1350 mm<br \/>\nH\u00f6he &#8211; 1200 mm<br \/>\nTiefe &#8211; 1200 mm<\/p>\n<p>Pulverbeschichtung<br \/>\nLieferung 120\u20ac<br \/>\nBarzahlung ist m\u00f6glich.<br \/>\nHandy 160 96291282<\/p>\n","protected":false},"excerpt":{"rendered":"<p>Sie k\u00f6nnen als:<\/p>\n<p>&#8211; Ballast f\u00fcr Traktor verwenden,<br \/>\nLeergewicht ist ca.120 Kilos<br \/>\n&#8211; Wassertank: ca. 600 L Fassungsverm\u00f6gen<br \/>\n&#8211; Feuertank mit Schlauch 25 m lang 3\/4<br \/>\nDie Maschine hat Arbeitsbeleuchtung zur Verf\u00fcgung.<\/p>\n","protected":false},"featured_media":2920,"template":"","meta":{"site-sidebar-layout":"default","site-content-layout":"default","ast-global-header-display":"","ast-main-header-display":"","ast-hfb-above-header-display":"","ast-hfb-below-header-display":"","ast-hfb-mobile-header-display":"","site-post-title":"","ast-breadcrumbs-content":"","ast-featured-img":"","footer-sml-layout":"","theme-transparent-header-meta":"default","adv-header-id-meta":"","stick-header-meta":"","header-above-stick-meta":"","header-main-stick-meta":"","header-below-stick-meta":""},"product_cat":[15],"product_tag":[],"_links":{"self":[{"href":"https:\/\/tf3-maschinen.de\/index.php\/wp-json\/wp\/v2\/product\/2923"}],"collection":[{"href":"https:\/\/tf3-maschinen.de\/index.php\/wp-json\/wp\/v2\/product"}],"about":[{"href":"https:\/\/tf3-maschinen.de\/index.php\/wp-json\/wp\/v2\/types\/product"}],"wp:featuredmedia":[{"embeddable":true,"href":"https:\/\/tf3-maschinen.de\/index.php\/wp-json\/wp\/v2\/media\/2920"}],"wp:attachment":[{"href":"https:\/\/tf3-maschinen.de\/index.php\/wp-json\/wp\/v2\/media?parent=2923"}],"wp:term":[{"taxonomy":"product_cat","embeddable":true,"href":"https:\/\/tf3-maschinen.de\/index.php\/wp-json\/wp\/v2\/product_cat?post=2923"},{"taxonomy":"product_tag","embeddable":true,"href":"https:\/\/tf3-maschinen.de\/index.php\/wp-json\/wp\/v2\/product_tag?post=2923"}],"curies":[{"name":"wp","href":"https:\/\/api.w.org\/{rel}","templated":true}]}}