{"id":2896,"date":"2026-04-29T09:42:52","date_gmt":"2026-04-29T07:42:52","guid":{"rendered":"https:\/\/tf3-maschinen.de\/?post_type=product&#038;p=2896"},"modified":"2026-04-29T10:08:38","modified_gmt":"2026-04-29T08:08:38","slug":"wassertank-frontgewicht-600-l-dreipunkt-wasserspritze-heckgewicht","status":"publish","type":"product","link":"https:\/\/tf3-maschinen.de\/index.php\/produkt\/wassertank-frontgewicht-600-l-dreipunkt-wasserspritze-heckgewicht\/","title":{"rendered":"Wassertank Frontgewicht 1000 L Dreipunkt Wasserspritze Heckgewicht"},"content":{"rendered":"<p>Erleben Sie die optimale Ballastierung Ihres Frontgewichts mit dem robusten 1000L Wassertank,<\/p>\n<div>speziell konzipiert f\u00fcr die Aufnahme von Dreipunkt-Kat 1\/2\/3 Feuertanks.<\/div>\n<div>\u00a0Dieses Qualit\u00e4tsprodukt von STAM garantiert eine perfekte Integration<\/div>\n<div>\u00a0und erh\u00f6ht die Funktionalit\u00e4t Ihrer Baumaschine erheblich,<\/div>\n<div>\u00a0um auch anspruchsvolle Eins\u00e4tze m\u00fchelos zu bew\u00e4ltigen.<\/div>\n<div>\u00a0Ideal f\u00fcr den professionellen Einsatz in Bau und Industrie,<\/div>\n<div>\u00a0stellt dieser Wassertank eine unverzichtbare Erg\u00e4nzung f\u00fcr Ihre Maschinenflotte dar.<\/div>\n<div>\n<p><span style=\"color: #0c0c0b\"><span style=\"font-family: Helvetica Neue, Helvetica, Arial, sans-serif\"><span style=\"font-size: small\">&#8211; Ballast f\u00fcr Traktor verwenden,<\/span><\/span><\/span><br \/>\n<span style=\"color: #0c0c0b\"><span style=\"font-family: Helvetica Neue, Helvetica, Arial, sans-serif\"><span style=\"font-size: small\">Leergewicht ist ca.120 Kilos<\/span><\/span><\/span><br \/>\n<span style=\"color: #0c0c0b\"><span style=\"font-family: Helvetica Neue, Helvetica, Arial, sans-serif\"><span style=\"font-size: small\">&#8211; Wassertank: ca. 1000 L Fassungsverm\u00f6gen<\/span><\/span><\/span><br \/>\n<span style=\"color: #0c0c0b\"><span style=\"font-family: Helvetica Neue, Helvetica, Arial, sans-serif\"><span style=\"font-size: small\">&#8211; Feuertank mit Schlauch 25 m lang 3\/4<\/span><\/span><\/span><br \/>\n<span style=\"color: #0c0c0b\"><span style=\"font-family: Helvetica Neue, Helvetica, Arial, sans-serif\"><span style=\"font-size: small\">Die Maschine hat Arbeitsbeleuchtung zur Verf\u00fcgung.<\/span><\/span><\/span><\/p>\n<p><span style=\"color: #0c0c0b\"><span style=\"font-family: Helvetica Neue, Helvetica, Arial, sans-serif\"><span style=\"font-size: small\">Bef\u00fcllung erfolgt oben mit Kugelhahn 1 1\/4,<\/span><\/span><\/span><br \/>\n<span style=\"color: #0c0c0b\"><span style=\"font-family: Helvetica Neue, Helvetica, Arial, sans-serif\"><span style=\"font-size: small\">Entleerung unten Kugelhahn \u00be und R\u00fcckschlagventil<\/span><\/span><\/span><\/p>\n<p><span style=\"color: #0c0c0b\"><span style=\"font-family: Helvetica Neue, Helvetica, Arial, sans-serif\"><span style=\"font-size: small\">Druck kann man auch mit Druckregler umstellen.<\/span><\/span><\/span><br \/>\n<span style=\"color: #0c0c0b\"><span style=\"font-family: Helvetica Neue, Helvetica, Arial, sans-serif\"><span style=\"font-size: small\">Schnelle Montage erleichtert Luftschnellkupplung<\/span><\/span><\/span><\/p>\n<p><span style=\"color: #0c0c0b\"><span style=\"font-family: Helvetica Neue, Helvetica, Arial, sans-serif\"><span style=\"font-size: small\">Zum Anschluss der Pneumatikanlage vom Schlepper, Italianischer produktion<\/span><\/span><\/span><\/p>\n<p><span style=\"color: #0c0c0b\"><span style=\"font-family: Helvetica Neue, Helvetica, Arial, sans-serif\"><span style=\"font-size: small\">Au\u00dfenma\u00dfen:<\/span><\/span><\/span><\/p>\n<p><span style=\"color: #0c0c0b\"><span style=\"font-family: Helvetica Neue, Helvetica, Arial, sans-serif\"><span style=\"font-size: small\">Breite &#8211; 1600 mm<\/span><\/span><\/span><br \/>\n<span style=\"color: #0c0c0b\"><span style=\"font-family: Helvetica Neue, Helvetica, Arial, sans-serif\"><span style=\"font-size: small\">H\u00f6he &#8211; 1300 mm<\/span><\/span><\/span><br \/>\n<span style=\"color: #0c0c0b\"><span style=\"font-family: Helvetica Neue, Helvetica, Arial, sans-serif\"><span style=\"font-size: small\">Tiefe &#8211; 1400 mm<\/span><\/span><\/span><\/p>\n<\/div>\n","protected":false},"excerpt":{"rendered":"<p>Sie k\u00f6nnen als:<\/p>\n<p>&#8211; Ballast f\u00fcr Traktor verwenden,<br \/>\nLeergewicht ist ca.130 Kilos<br \/>\n&#8211; Wassertank: ca. 1000 L Fassungsverm\u00f6gen<br \/>\n&#8211; Feuertank mit Schlauch 25 m lang 3\/4<br \/>\nDie Maschine hat Arbeitsbeleuchtung zur Verf\u00fcgung.<\/p>\n","protected":false},"featured_media":2920,"template":"","meta":{"site-sidebar-layout":"default","site-content-layout":"default","ast-global-header-display":"","ast-main-header-display":"","ast-hfb-above-header-display":"","ast-hfb-below-header-display":"","ast-hfb-mobile-header-display":"","site-post-title":"","ast-breadcrumbs-content":"","ast-featured-img":"","footer-sml-layout":"","theme-transparent-header-meta":"default","adv-header-id-meta":"","stick-header-meta":"","header-above-stick-meta":"","header-main-stick-meta":"","header-below-stick-meta":""},"product_cat":[15],"product_tag":[],"_links":{"self":[{"href":"https:\/\/tf3-maschinen.de\/index.php\/wp-json\/wp\/v2\/product\/2896"}],"collection":[{"href":"https:\/\/tf3-maschinen.de\/index.php\/wp-json\/wp\/v2\/product"}],"about":[{"href":"https:\/\/tf3-maschinen.de\/index.php\/wp-json\/wp\/v2\/types\/product"}],"wp:featuredmedia":[{"embeddable":true,"href":"https:\/\/tf3-maschinen.de\/index.php\/wp-json\/wp\/v2\/media\/2920"}],"wp:attachment":[{"href":"https:\/\/tf3-maschinen.de\/index.php\/wp-json\/wp\/v2\/media?parent=2896"}],"wp:term":[{"taxonomy":"product_cat","embeddable":true,"href":"https:\/\/tf3-maschinen.de\/index.php\/wp-json\/wp\/v2\/product_cat?post=2896"},{"taxonomy":"product_tag","embeddable":true,"href":"https:\/\/tf3-maschinen.de\/index.php\/wp-json\/wp\/v2\/product_tag?post=2896"}],"curies":[{"name":"wp","href":"https:\/\/api.w.org\/{rel}","templated":true}]}}