{"id":2815,"date":"2025-09-25T14:00:30","date_gmt":"2025-09-25T12:00:30","guid":{"rendered":"https:\/\/tf3-maschinen.de\/?post_type=product&#038;p=2815"},"modified":"2025-09-25T14:00:30","modified_gmt":"2025-09-25T12:00:30","slug":"traktormontierter-sandstrahler-900-l-selbstbeladung","status":"publish","type":"product","link":"https:\/\/tf3-maschinen.de\/index.php\/produkt\/traktormontierter-sandstrahler-900-l-selbstbeladung\/","title":{"rendered":"Traktormontierter Sandstrahler 900 l Selbstbeladung"},"content":{"rendered":"<p>\u2022 Robuste Konstruktion<br \/>\n\u2022 Dreipunktaufh\u00e4ngung<br \/>\n\u2022 Bodenklappen, die mit Federn mit verstellbarem Anpressdruck ausgestattet sind, garantieren einen sicheren Betrieb<br \/>\n\u2022 Stufenlose Regulierung der Streumenge sorgt f\u00fcr einen wirtschaftlichen und effizienten Betrieb<br \/>\n\u2022 Die Maschine ist mit einer R\u00fchrwelle ausgestattet, um das Zusammenballen von Sand zu verhindern<br \/>\n\u2022 Schnellentleerungsfunktion<\/p>\n<p>Der auf dem Traktor montierte Kellfri-Sandstrahler ist vielf\u00e4ltig einsetzbar. Es eignet sich nicht nur zur Bek\u00e4mpfung von Vereisung, sondern auch zum Streuen von Sp\u00e4nen, S\u00e4gemehl usw. auf Loipen und zum Abdecken verschiedener Gr\u00fcnfl\u00e4chenmaterialien.<\/p>\n<p>Der Streuer kann am besten mit trockenem Stein, Kies, Sand oder \u00e4hnlichem Material mit einer Gr\u00f6\u00dfe von 2-8 mm arbeiten. Es kann auch f\u00fcr etwas gr\u00f6\u00dfere und kleinere Materialien verwendet werden.<\/p>\n<p>Die Maschine ist serienm\u00e4\u00dfig mit einem Selbstladersystem ausgestattet, das einen Hydraulikzylinder und flexible Schl\u00e4uche enth\u00e4lt, um den Sand direkt von der Stange zu laden. Die Sandstrahlanlage ist an der Zugmaschine anzubringen und dann einfach und effizient vom Fahrersitz aus nach unten zu bef\u00fcllen. Nachdem Sie den Sandstrahler in die abgesenkte Position gebracht haben, fahren Sie in die Sandgrube und heben Sie den Sandstrahler wieder in die Arbeitsstellung \u2013 der Tank ist gef\u00fcllt und die Arbeit kann beginnen.<\/p>\n<p>Der hydraulische Antrieb der Streuwelle und des R\u00fchrwerks mit stufenloser Drehzahlregelung sorgt f\u00fcr einen wirtschaftlichen und effizienten Betrieb auf allen Arten von Substraten. Die mit Federn mit verstellbarem Anpressdruck ausger\u00fcsteten Bodenklappen erm\u00f6glichen das Ausbringen von Sand mit unterschiedlichen Fraktionsgr\u00f6\u00dfen und einen ungehinderten Betrieb.<\/p>\n<p>Robuste Konstruktion, durchdachte Details und verschiedene Arbeitsbreiten zu einem erschwinglichen Preis.<\/p>\n<p>Die Sandstrahlanlage erfordert einseitig wirkende, wendige und doppelte Wirkung auf dem Traktor. Das Ger\u00e4t wird mit vier Hydraulikschl\u00e4uchen mit 1\u20442\u201d m\u00e4nnlicher Schnellkupplung und Hydraulikzylinder und Dreipunktaufh\u00e4ngung geliefert.<br \/>\nHier k\u00f6nnen Sie sich ein Video \u00fcber unsere 350-Liter-Sandstrahlanlage ansehen<\/p>\n<div class=\"ast-oembed-container\" style=\"height: 100%;\"><iframe loading=\"lazy\" title=\"Sandspridare\" width=\"500\" height=\"281\" src=\"https:\/\/www.youtube.com\/embed\/zCsMCSMbfI4?feature=oembed\" frameborder=\"0\" allow=\"accelerometer; autoplay; clipboard-write; encrypted-media; gyroscope; picture-in-picture; web-share\" referrerpolicy=\"strict-origin-when-cross-origin\" allowfullscreen><\/iframe><\/div>\n<p>Zahlungsart:<br \/>\n\u00dcberweisung, Bar bei Lieferung<\/p>\n","protected":false},"excerpt":{"rendered":"<p>\u2022 Arbeitsbreite 1,8 m<br \/>\n\u2022 Fassungsverm\u00f6gen des Sandbeh\u00e4lters 900 l<br \/>\n\u2022 Standardm\u00e4\u00dfig ist der Sandstrahler mit einem Hydraulikzylinder ausgestattet, der die Selbstbeladung erm\u00f6glicht.<\/p>\n","protected":false},"featured_media":2820,"template":"","meta":{"site-sidebar-layout":"default","site-content-layout":"default","ast-global-header-display":"","ast-main-header-display":"","ast-hfb-above-header-display":"","ast-hfb-below-header-display":"","ast-hfb-mobile-header-display":"","site-post-title":"","ast-breadcrumbs-content":"","ast-featured-img":"","footer-sml-layout":"","theme-transparent-header-meta":"default","adv-header-id-meta":"","stick-header-meta":"","header-above-stick-meta":"","header-main-stick-meta":"","header-below-stick-meta":""},"product_cat":[15],"product_tag":[],"_links":{"self":[{"href":"https:\/\/tf3-maschinen.de\/index.php\/wp-json\/wp\/v2\/product\/2815"}],"collection":[{"href":"https:\/\/tf3-maschinen.de\/index.php\/wp-json\/wp\/v2\/product"}],"about":[{"href":"https:\/\/tf3-maschinen.de\/index.php\/wp-json\/wp\/v2\/types\/product"}],"wp:featuredmedia":[{"embeddable":true,"href":"https:\/\/tf3-maschinen.de\/index.php\/wp-json\/wp\/v2\/media\/2820"}],"wp:attachment":[{"href":"https:\/\/tf3-maschinen.de\/index.php\/wp-json\/wp\/v2\/media?parent=2815"}],"wp:term":[{"taxonomy":"product_cat","embeddable":true,"href":"https:\/\/tf3-maschinen.de\/index.php\/wp-json\/wp\/v2\/product_cat?post=2815"},{"taxonomy":"product_tag","embeddable":true,"href":"https:\/\/tf3-maschinen.de\/index.php\/wp-json\/wp\/v2\/product_tag?post=2815"}],"curies":[{"name":"wp","href":"https:\/\/api.w.org\/{rel}","templated":true}]}}