{"id":2629,"date":"2024-08-06T12:50:13","date_gmt":"2024-08-06T10:50:13","guid":{"rendered":"https:\/\/tf3-maschinen.de\/?post_type=product&#038;p=2629"},"modified":"2024-08-06T13:28:32","modified_gmt":"2024-08-06T11:28:32","slug":"schaufel-fuer-gabenstapler-150-cm-staplerschaufel-15","status":"publish","type":"product","link":"https:\/\/tf3-maschinen.de\/index.php\/produkt\/schaufel-fuer-gabenstapler-150-cm-staplerschaufel-15\/","title":{"rendered":"Schaufel f\u00fcr Gabenstapler 150 cm Staplerschaufel 1,5"},"content":{"rendered":"<p lang=\"de-DE\"><span style=\"color: #000000\"><span style=\"font-size: x-large\"><b>Schaufel f\u00fcr Gabenstapler 150 cm Staplerschaufel <\/b><\/span><\/span><\/p>\n<p lang=\"de-DE\"><span style=\"color: #000000\"><span style=\"font-size: x-large\"><b>Auf Baustellen oder Baustoffh\u00f6fen werden gro\u00dfe Mengen an Sch\u00fcttg\u00fctern verladen. F\u00fcr den effizienten Transport solcher Materialien brauchen Sie das richtige Hebemittel. Anstelle eines Baggers bieten wir Ihnen eine hydraulische Schaufel f\u00fcr Ihren Stapler an. \u00dcber Einfahrtaschen funktionieren Sie Ihren Gabelstapler zum Bagger um und sparen sich viel Geld f\u00fcr die Anschaffung eines neuen Fahrzeugs. <\/b><\/span><\/span><\/p>\n<p lang=\"de-DE\"><span style=\"color: #000000\"><span style=\"font-size: x-large\"><b>Technische Daten:<\/b><\/span><\/span><\/p>\n<p lang=\"de-DE\"><span style=\"color: #000000\"><span style=\"font-size: x-large\"><b>Breite 1500 mm<\/b><\/span><\/span><\/p>\n<p lang=\"de-DE\"><span style=\"color: #000000\"><span style=\"font-size: x-large\"><b>Tiefe\/H\u00f6he 800 mm\/700<\/b><\/span><\/span><\/p>\n<p lang=\"de-DE\"><span style=\"color: #000000\"><span style=\"font-size: x-large\"><b>Einfache Aufnahme mit Gabelzinken (Einfahrtaschen)<\/b><\/span><\/span><\/p>\n<p lang=\"de-DE\"><span style=\"color: #000000\"><span style=\"font-size: x-large\"><b>Vor- und r\u00fcckkippbar<\/b><\/span><\/span><\/p>\n<p lang=\"de-DE\"><span style=\"color: #000000\"><span style=\"font-size: x-large\"><b>1 Zylinder<\/b><\/span><\/span><\/p>\n<p lang=\"de-DE\"><span style=\"color: #000000\"><span style=\"font-size: x-large\"><b>Volumen 420 L<\/b><\/span><\/span><\/p>\n<p lang=\"de-DE\"><span style=\"color: #000000\"><span style=\"font-size: x-large\"><b>135 mm x 60 mm Profilbreite<\/b><\/span><\/span><\/p>\n<p lang=\"de-DE\"><span style=\"color: #000000\"><span style=\"font-size: x-large\"><b><br \/>\n<span style=\"font-family: Tahoma\"><span style=\"font-size: large\">Wir haben k\u00fcrze Realisationszeit.<\/span><\/span><\/b><\/span><\/span><\/p>\n<p lang=\"de-DE\"><span style=\"font-family: Tahoma\"><span style=\"font-size: large\"><b>Lieferung mit unserem Transport<\/b><\/span><\/span><\/p>\n<p lang=\"de-DE\"><span style=\"font-family: Tahoma\"><span style=\"font-size: large\"><b>Transportkosten von PLZ abh\u00e4ngig -min. 110 Euro zus\u00e4tzlich bezahlt<\/b><\/span><\/span><\/p>\n<p lang=\"de-DE\"><span style=\"font-family: Tahoma\"><span style=\"font-size: large\"><b>Zahlungsart:<\/b><\/span><\/span><\/p>\n<p lang=\"de-DE\"><span style=\"font-family: Tahoma\"><span style=\"font-size: large\"><b>\u00dcberweisung, Bar bei Erhalt<\/b><\/span><\/span><\/p>\n<p lang=\"de-DE\"><span style=\"font-family: Tahoma\"><span style=\"font-size: large\"><b>Wenn Sie Fragen haben, rufen Sie mich bitte an<\/b><\/span><\/span><\/p>\n<p lang=\"de-DE\"><span style=\"font-size: x-large\"><b><span style=\"font-family: Tahoma\"><span style=\"font-size: large\">Telefonnummer: <\/span><\/span><span style=\"font-family: Tahoma\"><span style=\"font-size: large\">015118951598 <\/span><\/span><\/b><\/span><\/p>\n","protected":false},"excerpt":{"rendered":"<p>Staplerschaufel hydraulisch, mit einem Zylinder,<\/p>\n<p>Breite 150Cm<\/p>\n","protected":false},"featured_media":2630,"template":"","meta":{"site-sidebar-layout":"default","site-content-layout":"default","ast-global-header-display":"","ast-main-header-display":"","ast-hfb-above-header-display":"","ast-hfb-below-header-display":"","ast-hfb-mobile-header-display":"","site-post-title":"","ast-breadcrumbs-content":"","ast-featured-img":"","footer-sml-layout":"","theme-transparent-header-meta":"default","adv-header-id-meta":"","stick-header-meta":"","header-above-stick-meta":"","header-main-stick-meta":"","header-below-stick-meta":""},"product_cat":[15],"product_tag":[],"_links":{"self":[{"href":"https:\/\/tf3-maschinen.de\/index.php\/wp-json\/wp\/v2\/product\/2629"}],"collection":[{"href":"https:\/\/tf3-maschinen.de\/index.php\/wp-json\/wp\/v2\/product"}],"about":[{"href":"https:\/\/tf3-maschinen.de\/index.php\/wp-json\/wp\/v2\/types\/product"}],"wp:featuredmedia":[{"embeddable":true,"href":"https:\/\/tf3-maschinen.de\/index.php\/wp-json\/wp\/v2\/media\/2630"}],"wp:attachment":[{"href":"https:\/\/tf3-maschinen.de\/index.php\/wp-json\/wp\/v2\/media?parent=2629"}],"wp:term":[{"taxonomy":"product_cat","embeddable":true,"href":"https:\/\/tf3-maschinen.de\/index.php\/wp-json\/wp\/v2\/product_cat?post=2629"},{"taxonomy":"product_tag","embeddable":true,"href":"https:\/\/tf3-maschinen.de\/index.php\/wp-json\/wp\/v2\/product_tag?post=2629"}],"curies":[{"name":"wp","href":"https:\/\/api.w.org\/{rel}","templated":true}]}}