{"id":2427,"date":"2024-04-26T12:14:24","date_gmt":"2024-04-26T10:14:24","guid":{"rendered":"https:\/\/tf3-maschinen.de\/?post_type=product&#038;p=2427"},"modified":"2024-04-26T12:22:19","modified_gmt":"2024-04-26T10:22:19","slug":"bodenfraese-200cm-rot","status":"publish","type":"product","link":"https:\/\/tf3-maschinen.de\/index.php\/produkt\/bodenfraese-200cm-rot\/","title":{"rendered":"Bodenfr\u00e4se 200cm-  rot"},"content":{"rendered":"<p>Die Traktorfr\u00e4se ist, zum Zerkleinern von Brocken, zum Unterschneiden von Unkraut, zum schnellen Nacharbeiten von Feldern nach mehrj\u00e4hrigen Kulturen bestimmt.<\/p>\n<p>f\u00fcr Traktoren ab 55 PS<br \/>\nStabile Einzelmesser (geschraubt)<br \/>\nHeckschutzblech h\u00f6henverstellbar<br \/>\nFr\u00e4stiefe verstellbar<br \/>\nDreipunkt Aufnahme<\/p>\n<p>Technische Daten:<br \/>\nArbeitsbreite 200 cm<br \/>\nInsgesamt 42 Fr\u00e4smesser<br \/>\n6 Messer pro Flansch<br \/>\n9 Flansch mit Abstand 225 mm<br \/>\nAntrieb 540 U\/min<br \/>\nFr\u00e4stiefe bis 12 cm<br \/>\nArbeitsbedarf: 55PS<br \/>\nGewicht: ca. 400 kg<\/p>\n<p>Wir bieten auch andere Breite an.<\/p>\n<p>Wir haben k\u00fcrze Realisationszeit.<\/p>\n<p>Lieferung mit unserem Transport<\/p>\n<p>Transportkosten von PLZ abh\u00e4ngig -min. 100 Euro zus\u00e4tzlich bezahlt<\/p>\n<p>Farbe rot oder gr\u00fcn<\/p>\n<p>&nbsp;<\/p>\n<p>Wir stellen Rechnung mit MwSt. aus.<\/p>\n<p>&nbsp;<\/p>\n<p>Zahlungsart:<\/p>\n<p>\u00dcberweisung, Bar bei Erhalt<\/p>\n","protected":false},"excerpt":{"rendered":"<p>Erdfr\u00e4se 2,0 m\u00a0 zum Lockern und Durchmischen des Bodens<\/p>\n","protected":false},"featured_media":2432,"template":"","meta":{"site-sidebar-layout":"default","site-content-layout":"content-boxed-container","ast-global-header-display":"","ast-main-header-display":"","ast-hfb-above-header-display":"","ast-hfb-below-header-display":"","ast-hfb-mobile-header-display":"","site-post-title":"","ast-breadcrumbs-content":"","ast-featured-img":"","footer-sml-layout":"","theme-transparent-header-meta":"default","adv-header-id-meta":"","stick-header-meta":"","header-above-stick-meta":"","header-main-stick-meta":"","header-below-stick-meta":""},"product_cat":[74],"product_tag":[],"_links":{"self":[{"href":"https:\/\/tf3-maschinen.de\/index.php\/wp-json\/wp\/v2\/product\/2427"}],"collection":[{"href":"https:\/\/tf3-maschinen.de\/index.php\/wp-json\/wp\/v2\/product"}],"about":[{"href":"https:\/\/tf3-maschinen.de\/index.php\/wp-json\/wp\/v2\/types\/product"}],"wp:featuredmedia":[{"embeddable":true,"href":"https:\/\/tf3-maschinen.de\/index.php\/wp-json\/wp\/v2\/media\/2432"}],"wp:attachment":[{"href":"https:\/\/tf3-maschinen.de\/index.php\/wp-json\/wp\/v2\/media?parent=2427"}],"wp:term":[{"taxonomy":"product_cat","embeddable":true,"href":"https:\/\/tf3-maschinen.de\/index.php\/wp-json\/wp\/v2\/product_cat?post=2427"},{"taxonomy":"product_tag","embeddable":true,"href":"https:\/\/tf3-maschinen.de\/index.php\/wp-json\/wp\/v2\/product_tag?post=2427"}],"curies":[{"name":"wp","href":"https:\/\/api.w.org\/{rel}","templated":true}]}}