{"id":2137,"date":"2023-04-28T09:47:35","date_gmt":"2023-04-28T07:47:35","guid":{"rendered":"https:\/\/tf3-maschinen.de\/?post_type=product&#038;p=2137"},"modified":"2023-04-28T11:30:40","modified_gmt":"2023-04-28T09:30:40","slug":"30-m-kurzscheibenegge-super-qualitaet-rohrstabwalze-kopie","status":"publish","type":"product","link":"https:\/\/tf3-maschinen.de\/index.php\/produkt\/30-m-kurzscheibenegge-super-qualitaet-rohrstabwalze-kopie\/","title":{"rendered":"2,2 M Kurzscheibenegge Super Qualit\u00e4t Rohrstabwalze"},"content":{"rendered":"<h1 class=\"western\"><span style=\"color: #090707\"><span style=\"font-family: Tahoma, sans-serif\"><span style=\"font-size: large\">Walze Kurzscheibenegge 2,2 M Super Qualit\u00e4t Rohrstabwalze 220 cm<\/span><\/span><\/span><\/h1>\n<h1 class=\"western\"><span style=\"color: #090707\"><span style=\"font-family: Tahoma, sans-serif\"><span style=\"font-size: large\"><span style=\"color: #353536\"><span style=\"font-size: x-large\">Scheibenegge ist f\u00fcr die Bearbeitung von Feldern nach der Ernte sowie f\u00fcr die Kultivierung und Feinabstimmung aller Arten von B\u00f6den bestimmt. Die Egge erf\u00fcllt ihre Aufgabe bei der Erstbearbeitung des Bodens und bei der Bodenbearbeitung vor der Aussaat. <\/span><\/span><\/span><\/span><\/span><\/h1>\n<h1 class=\"western\"><span style=\"color: #090707\"><span style=\"font-family: Tahoma, sans-serif\"><span style=\"font-size: x-large\">Das Aggregat eignet sich besonders gut auf leichten und mittelschweren B\u00f6den f\u00fcr die Aussaat von Getreide<\/span><\/span><\/span><\/h1>\n<h1 class=\"western\"><span style=\"color: #090707\"><span style=\"font-family: Tahoma, sans-serif\"><span style=\"font-size: x-large\">Walze Kurzscheibenegge Super Qualit\u00e4t Rohrstabwalze<\/span><\/span><\/span><\/h1>\n<p><span style=\"color: #090707\"><span style=\"font-family: Tahoma, sans-serif\"><span style=\"font-size: x-large\"><b>Arbeitsbreite: 2,2 m<\/b><\/span><\/span><\/span><\/p>\n<p><span style=\"color: #090707\"><span style=\"font-family: Tahoma, sans-serif\"><span style=\"font-size: x-large\">Die Scheibenegge ist f\u00fcr die Bearbeitung von Feldern nach der Ernte sowie f\u00fcr die Kultivierung und Feinabstimmung aller Arten von B\u00f6den bestimmt. Die Egge erf\u00fcllt ihre Aufgabe bei der Erstbearbeitung des Bodens und bei der Bodenbearbeitung vor der Aussaat. Das Aggregat eignet sich besonders gut auf leichten und mittelschweren B\u00f6den f\u00fcr die Aussaat von Getreide<\/span><\/span><\/span><\/p>\n<p><span style=\"color: #353536\"><span style=\"font-family: SeroWebPro, Arial Unicode MS, Arial, sans-serif\"><span style=\"font-size: medium\">Egge<\/span><\/span><\/span> <span style=\"color: #353536\"><span style=\"font-family: SeroWebPro, Arial Unicode MS, Arial, sans-serif\"><span style=\"font-size: medium\">TIGER<\/span><\/span><\/span> <span style=\"color: #353536\"><span style=\"font-family: SeroWebPro, Arial Unicode MS, Arial, sans-serif\"><span style=\"font-size: medium\">II<\/span><\/span><\/span> <span style=\"color: #353536\"><span style=\"font-family: SeroWebPro, Arial Unicode MS, Arial, sans-serif\"><span style=\"font-size: medium\">JUNIOR<\/span><\/span><\/span><span style=\"color: #090707\"><span style=\"font-family: Tahoma, sans-serif\"><span style=\"font-size: large\"><br \/>\n<\/span><\/span><\/span><span style=\"color: #353536\"><span style=\"font-family: SeroWebPro, Arial Unicode MS, Arial, sans-serif\"><span style=\"font-size: medium\">STANDARDAUSSTATTUNG<\/span><\/span><\/span><span style=\"color: #090707\"><span style=\"font-family: SeroWebPro, Arial Unicode MS, Arial, sans-serif\"><span style=\"font-size: medium\"><br \/>\n<\/span><\/span><\/span><span style=\"color: #353536\"><span style=\"font-family: SeroWebPro, Arial Unicode MS, Arial, sans-serif\"><span style=\"font-size: medium\">Pulverbeschichtung<\/span><\/span><\/span><span style=\"color: #090707\"><span style=\"font-family: SeroWebPro, Arial Unicode MS, Arial, sans-serif\"><span style=\"font-size: medium\"><br \/>\n<\/span><\/span><\/span><span style=\"color: #353536\"><span style=\"font-family: SeroWebPro, Arial Unicode MS, Arial, sans-serif\"><span style=\"font-size: medium\">polnische Platte 510 mm aus Borstahl<\/span><\/span><\/span><span style=\"color: #090707\"><span style=\"font-family: SeroWebPro, Arial Unicode MS, Arial, sans-serif\"><span style=\"font-size: medium\"><br \/>\n<\/span><\/span><\/span><span style=\"color: #353536\"><span style=\"font-family: SeroWebPro, Arial Unicode MS, Arial, sans-serif\"><span style=\"font-size: medium\">Strukturverst\u00e4rkung<\/span><\/span><\/span><span style=\"color: #090707\"><span style=\"font-family: SeroWebPro, Arial Unicode MS, Arial, sans-serif\"><span style=\"font-size: medium\"><br \/>\n<\/span><\/span><\/span><span style=\"color: #353536\"><span style=\"font-family: SeroWebPro, Arial Unicode MS, Arial, sans-serif\"><span style=\"font-size: medium\">6-Loch-Naben<\/span><\/span><\/span><span style=\"color: #090707\"><span style=\"font-family: SeroWebPro, Arial Unicode MS, Arial, sans-serif\"><span style=\"font-size: medium\"><br \/>\n<\/span><\/span><\/span><span style=\"color: #353536\"><span style=\"font-family: SeroWebPro, Arial Unicode MS, Arial, sans-serif\"><span style=\"font-size: medium\"><u>D\u00e4mpfungssystem<\/u><\/span><\/span><\/span><span style=\"color: #353536\"><span style=\"font-family: SeroWebPro, Arial Unicode MS, Arial, sans-serif\"><span style=\"font-size: medium\"> in Form von Gummiwalzen<\/span><\/span><\/span><span style=\"color: #090707\"><span style=\"font-family: SeroWebPro, Arial Unicode MS, Arial, sans-serif\"><span style=\"font-size: medium\"><br \/>\n<\/span><\/span><\/span><span style=\"color: #353536\"><span style=\"font-family: SeroWebPro, Arial Unicode MS, Arial, sans-serif\"><span style=\"font-size: medium\">Seitenbildschirme<\/span><\/span><\/span><span style=\"color: #090707\"><span style=\"font-family: SeroWebPro, Arial Unicode MS, Arial, sans-serif\"><span style=\"font-size: medium\"><br \/>\n<\/span><\/span><\/span><span style=\"color: #353536\"><span style=\"font-family: SeroWebPro, Arial Unicode MS, Arial, sans-serif\"><span style=\"font-size: medium\">universelles Kupplungssystem f\u00fcr Kat. II und III Kat.<\/span><\/span><\/span><span style=\"color: #090707\"><span style=\"font-family: SeroWebPro, Arial Unicode MS, Arial, sans-serif\"><span style=\"font-size: medium\"><br \/>\n<\/span><\/span><\/span><span style=\"color: #353536\"><span style=\"font-family: SeroWebPro, Arial Unicode MS, Arial, sans-serif\"><span style=\"font-size: medium\">Suspendierung<\/span><\/span><\/span><span style=\"color: #090707\"><span style=\"font-family: SeroWebPro, Arial Unicode MS, Arial, sans-serif\"><span style=\"font-size: medium\"><br \/>\n<\/span><\/span><\/span><span style=\"color: #353536\"><span style=\"font-family: SeroWebPro, Arial Unicode MS, Arial, sans-serif\"><span style=\"font-size: medium\">hintere Rohr- oder Saitenwelle<\/span><\/span><\/span><\/p>\n<p><span style=\"color: #090707\"><span style=\"font-family: SeroWebPro, Arial Unicode MS, Arial, sans-serif\"><span style=\"font-size: medium\"><br \/>\n<\/span><\/span><\/span><span style=\"color: #353536\"><span style=\"font-family: SeroWebPro, Arial Unicode MS, Arial, sans-serif\"><span style=\"font-size: medium\">ZUSATZAUSR\u00dcSTUNG<\/span><\/span><\/span><span style=\"color: #090707\"><span style=\"font-family: SeroWebPro, Arial Unicode MS, Arial, sans-serif\"><span style=\"font-size: medium\"><br \/>\n<\/span><\/span><\/span><span style=\"color: #353536\"><span style=\"font-family: SeroWebPro, Arial Unicode MS, Arial, sans-serif\"><span style=\"font-size: medium\">Polierplatten 460-560 mm aus Borstahl<\/span><\/span><\/span><span style=\"color: #090707\"><span style=\"font-family: SeroWebPro, Arial Unicode MS, Arial, sans-serif\"><span style=\"font-size: medium\"><br \/>\n<\/span><\/span><\/span><span style=\"color: #353536\"><span style=\"font-family: SeroWebPro, Arial Unicode MS, Arial, sans-serif\"><span style=\"font-size: medium\">SKF wartungsfreie Naben<\/span><\/span><\/span><span style=\"color: #090707\"><span style=\"font-family: SeroWebPro, Arial Unicode MS, Arial, sans-serif\"><span style=\"font-size: medium\"><br \/>\n<\/span><\/span><\/span><span style=\"color: #353536\"><span style=\"font-family: SeroWebPro, Arial Unicode MS, Arial, sans-serif\"><span style=\"font-size: medium\">Packer-Welle<\/span><\/span><\/span><span style=\"color: #090707\"><span style=\"font-family: SeroWebPro, Arial Unicode MS, Arial, sans-serif\"><span style=\"font-size: medium\"><br \/>\n<\/span><\/span><\/span><span style=\"color: #353536\"><span style=\"font-family: SeroWebPro, Arial Unicode MS, Arial, sans-serif\"><span style=\"font-size: medium\">Croskill-Welle<\/span><\/span><\/span><span style=\"color: #090707\"><span style=\"font-family: SeroWebPro, Arial Unicode MS, Arial, sans-serif\"><span style=\"font-size: medium\"><br \/>\n<\/span><\/span><\/span><span style=\"color: #353536\"><span style=\"font-family: SeroWebPro, Arial Unicode MS, Arial, sans-serif\"><span style=\"font-size: medium\">\u00dcberdachungswelle<\/span><\/span><\/span><span style=\"color: #090707\"><span style=\"font-family: SeroWebPro, Arial Unicode MS, Arial, sans-serif\"><span style=\"font-size: medium\"><br \/>\n<\/span><\/span><\/span><span style=\"color: #353536\"><span style=\"font-family: SeroWebPro, Arial Unicode MS, Arial, sans-serif\"><span style=\"font-size: medium\">Doppel-\u00dcberdachungswelle<\/span><\/span><\/span><span style=\"color: #090707\"><span style=\"font-family: SeroWebPro, Arial Unicode MS, Arial, sans-serif\"><span style=\"font-size: medium\"><br \/>\n<\/span><\/span><\/span><span style=\"color: #353536\"><span style=\"font-family: SeroWebPro, Arial Unicode MS, Arial, sans-serif\"><span style=\"font-size: medium\">Beleuchtung<\/span><\/span><\/span><span style=\"color: #090707\"><span style=\"font-family: SeroWebPro, Arial Unicode MS, Arial, sans-serif\"><span style=\"font-size: medium\"><br \/>\n<\/span><\/span><\/span><span style=\"color: #353536\"><span style=\"font-family: SeroWebPro, Arial Unicode MS, Arial, sans-serif\"><span style=\"font-size: medium\">BESTELLEN<\/span><\/span><\/span><span style=\"color: #090707\"><span style=\"font-family: SeroWebPro, Arial Unicode MS, Arial, sans-serif\"><span style=\"font-size: medium\"><br \/>\n<\/span><\/span><\/span><span style=\"color: #353536\"><span style=\"font-family: SeroWebPro, Arial Unicode MS, Arial, sans-serif\"><span style=\"font-size: medium\">TECHNISCHE PARAMETER<\/span><\/span><\/span><span style=\"color: #090707\"><span style=\"font-family: SeroWebPro, Arial Unicode MS, Arial, sans-serif\"><span style=\"font-size: medium\"><br \/>\n<\/span><\/span><\/span><span style=\"color: #353536\"><span style=\"font-family: SeroWebPro, Arial Unicode MS, Arial, sans-serif\"><span style=\"font-size: medium\">Abstand zwischen den Reihen der Teller 75<\/span><\/span><\/span><span style=\"color: #090707\"><span style=\"font-family: SeroWebPro, Arial Unicode MS, Arial, sans-serif\"><span style=\"font-size: medium\"><br \/>\n<\/span><\/span><\/span><span style=\"color: #353536\"><span style=\"font-family: SeroWebPro, Arial Unicode MS, Arial, sans-serif\"><span style=\"font-size: medium\">Arbeitsbreite (cm) 2200<\/span><\/span><\/span><span style=\"color: #090707\"><span style=\"font-family: SeroWebPro, Arial Unicode MS, Arial, sans-serif\"><span style=\"font-size: medium\"><br \/>\n<\/span><\/span><\/span><span style=\"color: #353536\"><span style=\"font-family: SeroWebPro, Arial Unicode MS, Arial, sans-serif\"><span style=\"font-size: medium\">Anzahl der Platten 18<\/span><\/span><\/span><span style=\"color: #090707\"><span style=\"font-family: SeroWebPro, Arial Unicode MS, Arial, sans-serif\"><span style=\"font-size: medium\"><br \/>\n<\/span><\/span><\/span><span style=\"color: #353536\"><span style=\"font-family: SeroWebPro, Arial Unicode MS, Arial, sans-serif\"><span style=\"font-size: medium\">Scheibendurchmesser 460\/510\/560<\/span><\/span><\/span><span style=\"color: #090707\"><span style=\"font-family: SeroWebPro, Arial Unicode MS, Arial, sans-serif\"><span style=\"font-size: medium\"><br \/>\n<\/span><\/span><\/span><span style=\"color: #353536\"><span style=\"font-family: SeroWebPro, Arial Unicode MS, Arial, sans-serif\"><span style=\"font-size: medium\">Gewicht (kg) 630<\/span><\/span><\/span><span style=\"color: #090707\"><span style=\"font-family: SeroWebPro, Arial Unicode MS, Arial, sans-serif\"><span style=\"font-size: medium\"><br \/>\n<\/span><\/span><\/span><span style=\"color: #353536\"><span style=\"font-family: SeroWebPro, Arial Unicode MS, Arial, sans-serif\"><span style=\"font-size: medium\">Leistungsbedarf (km) 45-65<\/span><\/span><\/span><span style=\"color: #090707\"><span style=\"font-family: SeroWebPro, Arial Unicode MS, Arial, sans-serif\"><span style=\"font-size: medium\"><br \/>\n<\/span><\/span><\/span><span style=\"color: #353536\"><span style=\"font-family: SeroWebPro, Arial Unicode MS, Arial, sans-serif\"><span style=\"font-size: medium\">Produktivit\u00e4t (Ha\/h) 1,5-2,0<\/span><\/span><\/span><span style=\"color: #090707\"><span style=\"font-family: SeroWebPro, Arial Unicode MS, Arial, sans-serif\"><span style=\"font-size: medium\"><br \/>\n<\/span><\/span><\/span><span style=\"color: #353536\"><span style=\"font-family: SeroWebPro, Arial Unicode MS, Arial, sans-serif\"><span style=\"font-size: medium\">Teilung zwischen den Scheiben 24<\/span><\/span><\/span><span style=\"color: #090707\"><span style=\"font-family: SeroWebPro, Arial Unicode MS, Arial, sans-serif\"><span style=\"font-size: medium\"><br \/>\n<\/span><\/span><\/span><span style=\"color: #353536\"><span style=\"font-family: SeroWebPro, Arial Unicode MS, Arial, sans-serif\"><span style=\"font-size: medium\">Arbeitstiefe (Millimeter) 100-200<\/span><\/span><\/span><\/p>\n<p><span style=\"font-family: Tahoma, sans-serif\"><span style=\"font-size: large\"><span style=\"color: #090707\">Transport im ganzen Land<br \/>\n<\/span><\/span><\/span><\/p>\n<p lang=\"de-DE\"><span style=\"color: #090707\"><span style=\"font-family: Tahoma, sans-serif\"><span style=\"font-size: large\">Wir stellen Rechnung mit MwSt. aus.<\/span><\/span><\/span><\/p>\n<p lang=\"de-DE\"><span style=\"color: #090707\"><span style=\"font-family: Tahoma, sans-serif\"><span style=\"font-size: large\">Zahlungsart:<\/span><\/span><\/span><\/p>\n<p lang=\"de-DE\"><span style=\"color: #090707\"><span style=\"font-family: Tahoma, sans-serif\"><span style=\"font-size: large\">\u00dcberweisung, Bar bei Erhalt<\/span><\/span><\/span><\/p>\n<p lang=\"de-DE\"><span style=\"color: #090707\"><span style=\"font-family: Tahoma, sans-serif\"><span style=\"font-size: large\">Wenn Sie Fragen haben, rufen Sie mich bitte an<\/span><\/span><\/span><\/p>\n<h1 class=\"western\"><span style=\"color: #090707\"><span style=\"font-family: Tahoma, sans-serif\"><span style=\"font-size: large\"><b>\u00a0<\/b><\/span><\/span><\/span><\/h1>\n<p lang=\"de-DE\"><span style=\"color: #090707\"><span style=\"font-family: Tahoma, sans-serif\"><span style=\"font-size: large\"><a href=\"https:\/\/tf3-maschinen.de\/wp-content\/uploads\/2022\/12\/1637229879_72730_1.png\"><img decoding=\"async\" loading=\"lazy\" class=\"alignnone size-medium wp-image-2132\" src=\"https:\/\/tf3-maschinen.de\/wp-content\/uploads\/2022\/12\/1637229879_72730_1-300x187.png\" alt=\"\" width=\"300\" height=\"187\" srcset=\"https:\/\/tf3-maschinen.de\/wp-content\/uploads\/2022\/12\/1637229879_72730_1-300x187.png 300w, https:\/\/tf3-maschinen.de\/wp-content\/uploads\/2022\/12\/1637229879_72730_1-1024x639.png 1024w, https:\/\/tf3-maschinen.de\/wp-content\/uploads\/2022\/12\/1637229879_72730_1-768x479.png 768w, https:\/\/tf3-maschinen.de\/wp-content\/uploads\/2022\/12\/1637229879_72730_1-1536x958.png 1536w, https:\/\/tf3-maschinen.de\/wp-content\/uploads\/2022\/12\/1637229879_72730_1-600x374.png 600w, https:\/\/tf3-maschinen.de\/wp-content\/uploads\/2022\/12\/1637229879_72730_1.png 1600w\" sizes=\"(max-width: 300px) 100vw, 300px\" \/><\/a> <a href=\"https:\/\/tf3-maschinen.de\/wp-content\/uploads\/2022\/12\/1637229879_72730_2.png\"><img decoding=\"async\" loading=\"lazy\" class=\"alignnone size-medium wp-image-2133\" src=\"https:\/\/tf3-maschinen.de\/wp-content\/uploads\/2022\/12\/1637229879_72730_2-300x209.png\" alt=\"\" width=\"300\" height=\"209\" srcset=\"https:\/\/tf3-maschinen.de\/wp-content\/uploads\/2022\/12\/1637229879_72730_2-300x209.png 300w, https:\/\/tf3-maschinen.de\/wp-content\/uploads\/2022\/12\/1637229879_72730_2-1024x713.png 1024w, https:\/\/tf3-maschinen.de\/wp-content\/uploads\/2022\/12\/1637229879_72730_2-768x535.png 768w, https:\/\/tf3-maschinen.de\/wp-content\/uploads\/2022\/12\/1637229879_72730_2-1536x1069.png 1536w, https:\/\/tf3-maschinen.de\/wp-content\/uploads\/2022\/12\/1637229879_72730_2-600x418.png 600w, https:\/\/tf3-maschinen.de\/wp-content\/uploads\/2022\/12\/1637229879_72730_2.png 1600w\" sizes=\"(max-width: 300px) 100vw, 300px\" \/><\/a> <a href=\"https:\/\/tf3-maschinen.de\/wp-content\/uploads\/2022\/12\/1637229879_72730_3.png\"><img decoding=\"async\" loading=\"lazy\" class=\"alignnone size-medium wp-image-2135\" src=\"https:\/\/tf3-maschinen.de\/wp-content\/uploads\/2022\/12\/1637229879_72730_3-300x190.png\" alt=\"\" width=\"300\" height=\"190\" srcset=\"https:\/\/tf3-maschinen.de\/wp-content\/uploads\/2022\/12\/1637229879_72730_3-300x190.png 300w, https:\/\/tf3-maschinen.de\/wp-content\/uploads\/2022\/12\/1637229879_72730_3-1024x647.png 1024w, https:\/\/tf3-maschinen.de\/wp-content\/uploads\/2022\/12\/1637229879_72730_3-768x485.png 768w, https:\/\/tf3-maschinen.de\/wp-content\/uploads\/2022\/12\/1637229879_72730_3-1536x971.png 1536w, https:\/\/tf3-maschinen.de\/wp-content\/uploads\/2022\/12\/1637229879_72730_3-600x379.png 600w, https:\/\/tf3-maschinen.de\/wp-content\/uploads\/2022\/12\/1637229879_72730_3.png 1600w\" sizes=\"(max-width: 300px) 100vw, 300px\" \/><\/a> <a href=\"https:\/\/tf3-maschinen.de\/wp-content\/uploads\/2022\/12\/1637229879_72730_4.png\"><img decoding=\"async\" loading=\"lazy\" class=\"alignnone size-medium wp-image-2136\" src=\"https:\/\/tf3-maschinen.de\/wp-content\/uploads\/2022\/12\/1637229879_72730_4-300x155.png\" alt=\"\" width=\"300\" height=\"155\" srcset=\"https:\/\/tf3-maschinen.de\/wp-content\/uploads\/2022\/12\/1637229879_72730_4-300x155.png 300w, https:\/\/tf3-maschinen.de\/wp-content\/uploads\/2022\/12\/1637229879_72730_4-1024x530.png 1024w, https:\/\/tf3-maschinen.de\/wp-content\/uploads\/2022\/12\/1637229879_72730_4-768x397.png 768w, https:\/\/tf3-maschinen.de\/wp-content\/uploads\/2022\/12\/1637229879_72730_4-1536x795.png 1536w, https:\/\/tf3-maschinen.de\/wp-content\/uploads\/2022\/12\/1637229879_72730_4-600x311.png 600w, https:\/\/tf3-maschinen.de\/wp-content\/uploads\/2022\/12\/1637229879_72730_4.png 1600w\" sizes=\"(max-width: 300px) 100vw, 300px\" \/><\/a><\/span><\/span><\/span><\/p>\n","protected":false},"excerpt":{"rendered":"<p><strong>Arbeitsbreite: 2,2 m<\/strong><\/p>\n<p>Die Scheibenegge ist f\u00fcr die Bearbeitung von Feldern nach der Ernte sowie f\u00fcr die Kultivierung und Feinabstimmung aller Arten von B\u00f6den bestimmt. Die Egge erf\u00fcllt ihre Aufgabe bei der Erstbearbeitung des Bodens und bei der Bodenbearbeitung vor der Aussaat. Das Aggregat eignet sich besonders gut auf leichten und mittelschweren B\u00f6den f\u00fcr die Aussaat von Getreide.<\/p>\n","protected":false},"featured_media":2142,"template":"","meta":{"site-sidebar-layout":"default","site-content-layout":"content-boxed-container","ast-global-header-display":"","ast-main-header-display":"","ast-hfb-above-header-display":"","ast-hfb-below-header-display":"","ast-hfb-mobile-header-display":"","site-post-title":"","ast-breadcrumbs-content":"","ast-featured-img":"","footer-sml-layout":"","theme-transparent-header-meta":"default","adv-header-id-meta":"","stick-header-meta":"","header-above-stick-meta":"","header-main-stick-meta":"","header-below-stick-meta":""},"product_cat":[30],"product_tag":[],"_links":{"self":[{"href":"https:\/\/tf3-maschinen.de\/index.php\/wp-json\/wp\/v2\/product\/2137"}],"collection":[{"href":"https:\/\/tf3-maschinen.de\/index.php\/wp-json\/wp\/v2\/product"}],"about":[{"href":"https:\/\/tf3-maschinen.de\/index.php\/wp-json\/wp\/v2\/types\/product"}],"wp:featuredmedia":[{"embeddable":true,"href":"https:\/\/tf3-maschinen.de\/index.php\/wp-json\/wp\/v2\/media\/2142"}],"wp:attachment":[{"href":"https:\/\/tf3-maschinen.de\/index.php\/wp-json\/wp\/v2\/media?parent=2137"}],"wp:term":[{"taxonomy":"product_cat","embeddable":true,"href":"https:\/\/tf3-maschinen.de\/index.php\/wp-json\/wp\/v2\/product_cat?post=2137"},{"taxonomy":"product_tag","embeddable":true,"href":"https:\/\/tf3-maschinen.de\/index.php\/wp-json\/wp\/v2\/product_tag?post=2137"}],"curies":[{"name":"wp","href":"https:\/\/api.w.org\/{rel}","templated":true}]}}