{"id":1695,"date":"2022-06-17T14:52:46","date_gmt":"2022-06-17T12:52:46","guid":{"rendered":"https:\/\/tf3-maschinen.de\/?post_type=product&#038;p=1695"},"modified":"2025-04-28T09:08:52","modified_gmt":"2025-04-28T07:08:52","slug":"paddock-egge-atv","status":"publish","type":"product","link":"https:\/\/tf3-maschinen.de\/index.php\/produkt\/paddock-egge-atv\/","title":{"rendered":"PADDOCK EGGE ATV"},"content":{"rendered":"<p>Eine robuste, starke und flexible Man\u00f6vrieregge, die f\u00fcr die meisten Oberfl\u00e4chen geeignet ist<\/p>\n<p>&#8211; Arbeitsbreite 2,2 m<br \/>\n&#8211; 20 Federzinken<br \/>\n&#8211; 36 Rechzinken<br \/>\n&#8211; 36 h\u00f6henverstellbare Rechfinger<br \/>\n&#8211; Ausgestattet mit einem seitlichen Abstreifer, um das Material aus dem geeggten Graben zu rechen<br \/>\nDurchmesser- Federzinken 10 mm, Rechzinken 8 mm<br \/>\nL\u00e4nge x Breite x H\u00f6he<br \/>\n2200 x 2380 x 1100 mm<br \/>\nGesammtbreite- 2400 mm<br \/>\nGewicht- 251 Kg<\/p>\n<p>Wie das Ger\u00e4t fuktioniert:<\/p>\n<div class=\"ast-oembed-container\" style=\"height: 100%;\"><iframe loading=\"lazy\" title=\"28-RBH220 Ridbaneharv\" width=\"500\" height=\"281\" src=\"https:\/\/www.youtube.com\/embed\/Bmr3i2l5IeE?start=4&#038;feature=oembed\" frameborder=\"0\" allow=\"accelerometer; autoplay; clipboard-write; encrypted-media; gyroscope; picture-in-picture; web-share\" referrerpolicy=\"strict-origin-when-cross-origin\" allowfullscreen><\/iframe><\/div>\n","protected":false},"excerpt":{"rendered":"<p>QUAD Pferde 1,50 m Reitbahnplaner Reitplatzplan<\/p>\n","protected":false},"featured_media":1705,"template":"","meta":{"site-sidebar-layout":"default","site-content-layout":"content-boxed-container","ast-global-header-display":"","ast-main-header-display":"","ast-hfb-above-header-display":"","ast-hfb-below-header-display":"","ast-hfb-mobile-header-display":"","site-post-title":"","ast-breadcrumbs-content":"","ast-featured-img":"","footer-sml-layout":"","theme-transparent-header-meta":"default","adv-header-id-meta":"","stick-header-meta":"","header-above-stick-meta":"","header-main-stick-meta":"","header-below-stick-meta":""},"product_cat":[30],"product_tag":[],"_links":{"self":[{"href":"https:\/\/tf3-maschinen.de\/index.php\/wp-json\/wp\/v2\/product\/1695"}],"collection":[{"href":"https:\/\/tf3-maschinen.de\/index.php\/wp-json\/wp\/v2\/product"}],"about":[{"href":"https:\/\/tf3-maschinen.de\/index.php\/wp-json\/wp\/v2\/types\/product"}],"wp:featuredmedia":[{"embeddable":true,"href":"https:\/\/tf3-maschinen.de\/index.php\/wp-json\/wp\/v2\/media\/1705"}],"wp:attachment":[{"href":"https:\/\/tf3-maschinen.de\/index.php\/wp-json\/wp\/v2\/media?parent=1695"}],"wp:term":[{"taxonomy":"product_cat","embeddable":true,"href":"https:\/\/tf3-maschinen.de\/index.php\/wp-json\/wp\/v2\/product_cat?post=1695"},{"taxonomy":"product_tag","embeddable":true,"href":"https:\/\/tf3-maschinen.de\/index.php\/wp-json\/wp\/v2\/product_tag?post=1695"}],"curies":[{"name":"wp","href":"https:\/\/api.w.org\/{rel}","templated":true}]}}