{"id":1504,"date":"2022-06-17T12:24:01","date_gmt":"2022-06-17T10:24:01","guid":{"rendered":"https:\/\/tf3-maschinen.de\/?post_type=product&#038;p=1504"},"modified":"2022-06-30T11:51:07","modified_gmt":"2022-06-30T09:51:07","slug":"grabenraumloffel-12-m-baggerloffel-1200-mm-minibagger-ms03-starr-19-25-tonnen","status":"publish","type":"product","link":"https:\/\/tf3-maschinen.de\/index.php\/produkt\/grabenraumloffel-12-m-baggerloffel-1200-mm-minibagger-ms03-starr-19-25-tonnen\/","title":{"rendered":"Grabenr\u00e4uml\u00f6ffel 1,2 m Baggerl\u00f6ffel 1200 mm Minibagger MS03 starr 1,9- 2,5 Tonnen"},"content":{"rendered":"<p>Technische Daten:<br \/>\nBreite: 1200 mm<br \/>\nAufnahme: MS03<\/p>\n<p>Gewicht: 62 Kg<\/p>\n<p>Volumen: 64 L<\/p>\n<p>&nbsp;<\/p>\n<p>Schneide aus Hardox<br \/>\nHergestellt aus hochwertigem Stahl in grauer Farbe lackiert.<\/p>\n<p>Lieferungskosten 70 \u20ac<\/p>\n<p>Transporttermin\u00a0 bitte per Email oder telefonisch<\/p>\n","protected":false},"excerpt":{"rendered":"<p>Schaufel Kat. 2 f\u00fcr Bagger von 1,9 T- 2,5 T.<\/p>\n","protected":false},"featured_media":1480,"template":"","meta":{"site-sidebar-layout":"default","site-content-layout":"content-boxed-container","ast-global-header-display":"","ast-main-header-display":"","ast-hfb-above-header-display":"","ast-hfb-below-header-display":"","ast-hfb-mobile-header-display":"","site-post-title":"","ast-breadcrumbs-content":"","ast-featured-img":"","footer-sml-layout":"","theme-transparent-header-meta":"default","adv-header-id-meta":"","stick-header-meta":"","header-above-stick-meta":"","header-main-stick-meta":"","header-below-stick-meta":""},"product_cat":[41],"product_tag":[],"_links":{"self":[{"href":"https:\/\/tf3-maschinen.de\/index.php\/wp-json\/wp\/v2\/product\/1504"}],"collection":[{"href":"https:\/\/tf3-maschinen.de\/index.php\/wp-json\/wp\/v2\/product"}],"about":[{"href":"https:\/\/tf3-maschinen.de\/index.php\/wp-json\/wp\/v2\/types\/product"}],"wp:featuredmedia":[{"embeddable":true,"href":"https:\/\/tf3-maschinen.de\/index.php\/wp-json\/wp\/v2\/media\/1480"}],"wp:attachment":[{"href":"https:\/\/tf3-maschinen.de\/index.php\/wp-json\/wp\/v2\/media?parent=1504"}],"wp:term":[{"taxonomy":"product_cat","embeddable":true,"href":"https:\/\/tf3-maschinen.de\/index.php\/wp-json\/wp\/v2\/product_cat?post=1504"},{"taxonomy":"product_tag","embeddable":true,"href":"https:\/\/tf3-maschinen.de\/index.php\/wp-json\/wp\/v2\/product_tag?post=1504"}],"curies":[{"name":"wp","href":"https:\/\/api.w.org\/{rel}","templated":true}]}}