{"id":1483,"date":"2022-06-17T12:16:38","date_gmt":"2022-06-17T10:16:38","guid":{"rendered":"https:\/\/tf3-maschinen.de\/?post_type=product&#038;p=1483"},"modified":"2022-06-17T12:18:21","modified_gmt":"2022-06-17T10:18:21","slug":"grabenraumloffel-10-m-baggerloffel-1000-mm-minibagger-ms03-starr-10-25-tonnen","status":"publish","type":"product","link":"https:\/\/tf3-maschinen.de\/index.php\/produkt\/grabenraumloffel-10-m-baggerloffel-1000-mm-minibagger-ms03-starr-10-25-tonnen\/","title":{"rendered":"Grabenr\u00e4uml\u00f6ffel 1,0 m Baggerl\u00f6ffel 1000 mm Minibagger MS03 starr 1,0- 2,5 Tonnen"},"content":{"rendered":"<p><strong>Technische Daten:<br \/>\nBreite: 1000 mm<br \/>\nAufnahme: MS03<\/strong><\/p>\n<p><strong>Gewicht: 60 KG<\/strong><\/p>\n<p><strong>Volumen: 70 L<\/strong><\/p>\n<p><strong>\u00d6ffnungsma\u00df 32 cm<\/strong><\/p>\n<p>&nbsp;<\/p>\n<p><strong>Schneide aus Hardox<br \/>\nHergestellt aus hochwertigem Stahl in grauer Farbe lackiert.<\/strong><\/p>\n<p>Lieferungskosten 70 \u20ac<\/p>\n<p><strong>Transporttermin\u00a0 bitte per Email oder telefonisch<\/strong><\/p>\n<p><strong>Andere Breiten auf Anfrage<\/strong><\/p>\n","protected":false},"excerpt":{"rendered":"<p><strong>Schaufel Kat. 2 f\u00fcr Bagger von 1,0 T- 2,5 T.<\/strong><\/p>\n","protected":false},"featured_media":1498,"template":"","meta":{"site-sidebar-layout":"default","site-content-layout":"content-boxed-container","ast-global-header-display":"","ast-main-header-display":"","ast-hfb-above-header-display":"","ast-hfb-below-header-display":"","ast-hfb-mobile-header-display":"","site-post-title":"","ast-breadcrumbs-content":"","ast-featured-img":"","footer-sml-layout":"","theme-transparent-header-meta":"default","adv-header-id-meta":"","stick-header-meta":"","header-above-stick-meta":"","header-main-stick-meta":"","header-below-stick-meta":""},"product_cat":[41],"product_tag":[],"_links":{"self":[{"href":"https:\/\/tf3-maschinen.de\/index.php\/wp-json\/wp\/v2\/product\/1483"}],"collection":[{"href":"https:\/\/tf3-maschinen.de\/index.php\/wp-json\/wp\/v2\/product"}],"about":[{"href":"https:\/\/tf3-maschinen.de\/index.php\/wp-json\/wp\/v2\/types\/product"}],"wp:featuredmedia":[{"embeddable":true,"href":"https:\/\/tf3-maschinen.de\/index.php\/wp-json\/wp\/v2\/media\/1498"}],"wp:attachment":[{"href":"https:\/\/tf3-maschinen.de\/index.php\/wp-json\/wp\/v2\/media?parent=1483"}],"wp:term":[{"taxonomy":"product_cat","embeddable":true,"href":"https:\/\/tf3-maschinen.de\/index.php\/wp-json\/wp\/v2\/product_cat?post=1483"},{"taxonomy":"product_tag","embeddable":true,"href":"https:\/\/tf3-maschinen.de\/index.php\/wp-json\/wp\/v2\/product_tag?post=1483"}],"curies":[{"name":"wp","href":"https:\/\/api.w.org\/{rel}","templated":true}]}}