{"id":1425,"date":"2022-06-17T11:39:32","date_gmt":"2022-06-17T09:39:32","guid":{"rendered":"https:\/\/tf3-maschinen.de\/?post_type=product&#038;p=1425"},"modified":"2022-06-17T11:39:32","modified_gmt":"2022-06-17T09:39:32","slug":"dungerstreuer-fur-obstgarten-600-l-neu-mit-garantie","status":"publish","type":"product","link":"https:\/\/tf3-maschinen.de\/index.php\/produkt\/dungerstreuer-fur-obstgarten-600-l-neu-mit-garantie\/","title":{"rendered":"D\u00fcngerstreuer f\u00fcr Obstgarten 600 L\u2013 Neu mit Garantie"},"content":{"rendered":"<p>Ein einteiliges starres Getriebe und ordnungsgem\u00e4\u00df w\u00e4rmebehandelte Kerbzahnr\u00e4der sorgen f\u00fcr eine zuverl\u00e4ssige und langlebige Konstruktion. Entsprechend konstruierte und gefertigte Streuelemente gew\u00e4hrleisten Pr\u00e4zision und einen der Tabelle entsprechenden D\u00fcngerverbrauch. Der Streuer verf\u00fcgt \u00fcber abgestufte, manuell bedienbare Schieber am Boden des Trichters. Durch die Verwendung von Pulverbeschichtungen, galvanischen Beschichtungen sowie Chrom-Nickel-Stahlkomponenten sind alle Teile des Streuers vollst\u00e4ndig gegen Korrosion gesch\u00fctzt.<br \/>\nAltro ist bekannt f\u00fcr die Herstellung von robusten Getrieben mit einer 3-j\u00e4hrigen Garantie.<br \/>\nDer Streuer ist pulverbeschichtet, die Scheiben und Schaufeln sind aus &#8220;s\u00e4urebehandeltem&#8221; Stahl gefertigt.<br \/>\nDie Streuer k\u00f6nnen auf dem Feld eingesetzt werden, nachdem der Anbau f\u00fcr den Obstbau entfernt und die langen Schaufeln angebracht wurden.<\/p>\n<p>Im Standard:<br \/>\n+Mechanische Streuverstellung<br \/>\n+ hydraulische \u00d6ffnung\/Schlie\u00dfung<br \/>\n+ Plane.<br \/>\n&#8211; Aufh\u00e4ngerahmen aus Stahl<br \/>\n&#8211; Hydraulische Absperrung der Schieber<br \/>\n&#8211; Stahl, einteiliges Getriebe<br \/>\n&#8211; Korrosionsschutz<br \/>\n&#8211; Skaliertes, manuell einstellbares Streusystem<br \/>\n&#8211; Hydraulische Leitungen, Plane und Himbeertr\u00f6ge inklusive<\/p>\n<p>\u2022 Gewicht \u2013 200 kg<br \/>\n\u2022 Breite \u2013 1,5 m<br \/>\n\u2022 H\u00f6he\u2013 1,1 m<br \/>\n\u2022 L\u00e4nge \u2013 1,3 m<\/p>\n<p>Merkmale der ALTRO-Streuer<br \/>\n&#8211; Stahlrahmen-Aufh\u00e4ngung<br \/>\n&#8211; Manuelle oder hydraulische Steuerung<br \/>\n&#8211; Einteiliges Stahl-Getriebe<br \/>\n&#8211; Langlebiges, robustes Getriebe<br \/>\n&#8211; Markenlager<br \/>\n&#8211; Vollst\u00e4ndiger Korrosionsschutz<br \/>\n&#8211; Optimal abgestimmtes, einstellbares Streusystem<br \/>\n&#8211; Hydraulische Leitungen und Plane inklusive<br \/>\n&#8211; Vier Gr\u00f6\u00dfen von D\u00fcngerbeh\u00e4ltern<br \/>\n&#8211; Breite des Trichters 145 cm<br \/>\n&#8211; 36 Monate Garantie auf die Getriebe Grenzstreueinrichtung auch m\u00f6glich (zusatzlich bezahlt- 700,00)<br \/>\nDie Maschine wurde mit den Sicherheitsnormen bewart und hat CE \u2013 Zerifikat.<\/p>\n","protected":false},"excerpt":{"rendered":"<p>Der Doppelscheibenstreuer RN 600, der an der Dreipunktaufh\u00e4ngung des Traktors montiert ist, ist f\u00fcr die Oberfl\u00e4chenausbringung von losen D\u00fcngemitteln geeignet. Solide Rahmenkonstruktion, Arbeitselemente aus s\u00e4urebest\u00e4ndigem Stahl, langlebiges Zahnradgetriebe in einem Stahlgeh\u00e4use sind nur einige der Vorteile unseres Streuers.<\/p>\n","protected":false},"featured_media":1433,"template":"","meta":{"site-sidebar-layout":"default","site-content-layout":"content-boxed-container","ast-global-header-display":"","ast-main-header-display":"","ast-hfb-above-header-display":"","ast-hfb-below-header-display":"","ast-hfb-mobile-header-display":"","site-post-title":"","ast-breadcrumbs-content":"","ast-featured-img":"","footer-sml-layout":"","theme-transparent-header-meta":"default","adv-header-id-meta":"","stick-header-meta":"","header-above-stick-meta":"","header-main-stick-meta":"","header-below-stick-meta":""},"product_cat":[15],"product_tag":[],"_links":{"self":[{"href":"https:\/\/tf3-maschinen.de\/index.php\/wp-json\/wp\/v2\/product\/1425"}],"collection":[{"href":"https:\/\/tf3-maschinen.de\/index.php\/wp-json\/wp\/v2\/product"}],"about":[{"href":"https:\/\/tf3-maschinen.de\/index.php\/wp-json\/wp\/v2\/types\/product"}],"wp:featuredmedia":[{"embeddable":true,"href":"https:\/\/tf3-maschinen.de\/index.php\/wp-json\/wp\/v2\/media\/1433"}],"wp:attachment":[{"href":"https:\/\/tf3-maschinen.de\/index.php\/wp-json\/wp\/v2\/media?parent=1425"}],"wp:term":[{"taxonomy":"product_cat","embeddable":true,"href":"https:\/\/tf3-maschinen.de\/index.php\/wp-json\/wp\/v2\/product_cat?post=1425"},{"taxonomy":"product_tag","embeddable":true,"href":"https:\/\/tf3-maschinen.de\/index.php\/wp-json\/wp\/v2\/product_tag?post=1425"}],"curies":[{"name":"wp","href":"https:\/\/api.w.org\/{rel}","templated":true}]}}