{"id":1378,"date":"2022-06-17T10:57:05","date_gmt":"2022-06-17T08:57:05","guid":{"rendered":"https:\/\/tf3-maschinen.de\/?post_type=product&#038;p=1378"},"modified":"2022-06-30T11:53:46","modified_gmt":"2022-06-30T09:53:46","slug":"bodenfrase-erdfrase-heckfrase-160-m-schlepper","status":"publish","type":"product","link":"https:\/\/tf3-maschinen.de\/index.php\/produkt\/bodenfrase-erdfrase-heckfrase-160-m-schlepper\/","title":{"rendered":"Bodenfr\u00e4se Erdfr\u00e4se Heckfr\u00e4se 1,60 m Schlepper"},"content":{"rendered":"<p>Einige k\u00f6nnen auch Kompost und Torf verteilen. Die Z\u00e4hne, die sich schnell drehen, ber\u00fchren die Erde, ohne Luftspalten zu hinterlassen. Der gelockerte Boden hat keine Klumpen (wie Flaum). Der Grad der Bodenlockerung durch die Fr\u00e4se h\u00e4ngt von der Bodenbeschaffenheit und der Bodenfeuchtigkeit ab. Diese Ger\u00e4te sind im Gartenbau oder in der Landwirtschaft anwendbar.<\/p>\n<p>Stabile Einzelmesser (geschraubt)<br \/>\nHeckschutzblech h\u00f6henverstellbar<br \/>\nFr\u00e4stiefe verstellbar<br \/>\nDreipunkt Aufnahme<\/p>\n<p>Technische Daten:<br \/>\nArbeitsbreite 160 cm<br \/>\nInsgesamt 42 Fr\u00e4smesser<br \/>\n6 Messer pro Flansch<br \/>\n7 Flansch mit Abstand 225 mm<br \/>\nAntrieb 540 U\/min<br \/>\nFr\u00e4stiefe bis 12 cm<br \/>\nArbeitsbedarf: 40 PS<br \/>\nGewicht: ca. 345 kg<\/p>\n<p>Transportkosten 100 Euro zus\u00e4tzlich bezahlt<\/p>\n","protected":false},"excerpt":{"rendered":"<p>Bodenfr\u00e4se 1,6 m dienen zur gr\u00fcndlichen Lockerung des Bodens, zum J\u00e4ten und Bel\u00fcften.<\/p>\n","protected":false},"featured_media":1387,"template":"","meta":{"site-sidebar-layout":"default","site-content-layout":"content-boxed-container","ast-global-header-display":"","ast-main-header-display":"","ast-hfb-above-header-display":"","ast-hfb-below-header-display":"","ast-hfb-mobile-header-display":"","site-post-title":"","ast-breadcrumbs-content":"","ast-featured-img":"","footer-sml-layout":"","theme-transparent-header-meta":"default","adv-header-id-meta":"","stick-header-meta":"","header-above-stick-meta":"","header-main-stick-meta":"","header-below-stick-meta":""},"product_cat":[74],"product_tag":[],"_links":{"self":[{"href":"https:\/\/tf3-maschinen.de\/index.php\/wp-json\/wp\/v2\/product\/1378"}],"collection":[{"href":"https:\/\/tf3-maschinen.de\/index.php\/wp-json\/wp\/v2\/product"}],"about":[{"href":"https:\/\/tf3-maschinen.de\/index.php\/wp-json\/wp\/v2\/types\/product"}],"wp:featuredmedia":[{"embeddable":true,"href":"https:\/\/tf3-maschinen.de\/index.php\/wp-json\/wp\/v2\/media\/1387"}],"wp:attachment":[{"href":"https:\/\/tf3-maschinen.de\/index.php\/wp-json\/wp\/v2\/media?parent=1378"}],"wp:term":[{"taxonomy":"product_cat","embeddable":true,"href":"https:\/\/tf3-maschinen.de\/index.php\/wp-json\/wp\/v2\/product_cat?post=1378"},{"taxonomy":"product_tag","embeddable":true,"href":"https:\/\/tf3-maschinen.de\/index.php\/wp-json\/wp\/v2\/product_tag?post=1378"}],"curies":[{"name":"wp","href":"https:\/\/api.w.org\/{rel}","templated":true}]}}