{"id":1368,"date":"2022-06-17T10:48:59","date_gmt":"2022-06-17T08:48:59","guid":{"rendered":"https:\/\/tf3-maschinen.de\/?post_type=product&#038;p=1368"},"modified":"2022-06-30T11:54:04","modified_gmt":"2022-06-30T09:54:04","slug":"bodenfrase-140-m","status":"publish","type":"product","link":"https:\/\/tf3-maschinen.de\/index.php\/produkt\/bodenfrase-140-m\/","title":{"rendered":"Bodenfr\u00e4se 1,40 m"},"content":{"rendered":"<p>Einige k\u00f6nnen auch Kompost und Torf verteilen. Die Z\u00e4hne, die sich schnell drehen, ber\u00fchren die Erde, ohne Luftspalten zu hinterlassen. Der gelockerte Boden hat keine Klumpen (wie Flaum). Der Grad <u>der<\/u> Bodenlockerung durch die Fr\u00e4se h\u00e4ngt von der Bodenbeschaffenheit und der Bodenfeuchtigkeit ab. Diese Ger\u00e4te sind im Gartenbau oder in der Landwirtschaft anwendbar.<\/p>\n<p>f\u00fcr Traktoren ab 30 PS<br \/>\nStabile Einzelmesser (geschraubt)<br \/>\nHeckschutzblech h\u00f6henverstellbar<br \/>\nFr\u00e4stiefe verstellbar<br \/>\nDreipunkt Aufnahme<\/p>\n<p>Technische Daten:<br \/>\nArbeitsbreite 140 cm<br \/>\nInsgesamt 36 Fr\u00e4smesser<br \/>\n6 Messer pro Flansch<br \/>\n6 Flansch mit Abstand 225 mm<br \/>\nAntrieb 540 U\/min<br \/>\nFr\u00e4stiefe bis 12 cm<br \/>\nArbeitsbedarf: 40 PS<br \/>\nGewicht: ca. 350 kg<\/p>\n<p>Transportkosten von PLZ abh\u00e4ngig -min. 100 Euro zus\u00e4tzlich bezahlt<\/p>\n","protected":false},"excerpt":{"rendered":"<p>Erdfr\u00e4se 1,4 m zur gr\u00fcndlichen Lockerung des Bodens, zum J\u00e4ten und Bel\u00fcften.<\/p>\n","protected":false},"featured_media":1372,"template":"","meta":{"site-sidebar-layout":"default","site-content-layout":"content-boxed-container","ast-global-header-display":"","ast-main-header-display":"","ast-hfb-above-header-display":"","ast-hfb-below-header-display":"","ast-hfb-mobile-header-display":"","site-post-title":"","ast-breadcrumbs-content":"","ast-featured-img":"","footer-sml-layout":"","theme-transparent-header-meta":"default","adv-header-id-meta":"","stick-header-meta":"","header-above-stick-meta":"","header-main-stick-meta":"","header-below-stick-meta":""},"product_cat":[74],"product_tag":[],"_links":{"self":[{"href":"https:\/\/tf3-maschinen.de\/index.php\/wp-json\/wp\/v2\/product\/1368"}],"collection":[{"href":"https:\/\/tf3-maschinen.de\/index.php\/wp-json\/wp\/v2\/product"}],"about":[{"href":"https:\/\/tf3-maschinen.de\/index.php\/wp-json\/wp\/v2\/types\/product"}],"wp:featuredmedia":[{"embeddable":true,"href":"https:\/\/tf3-maschinen.de\/index.php\/wp-json\/wp\/v2\/media\/1372"}],"wp:attachment":[{"href":"https:\/\/tf3-maschinen.de\/index.php\/wp-json\/wp\/v2\/media?parent=1368"}],"wp:term":[{"taxonomy":"product_cat","embeddable":true,"href":"https:\/\/tf3-maschinen.de\/index.php\/wp-json\/wp\/v2\/product_cat?post=1368"},{"taxonomy":"product_tag","embeddable":true,"href":"https:\/\/tf3-maschinen.de\/index.php\/wp-json\/wp\/v2\/product_tag?post=1368"}],"curies":[{"name":"wp","href":"https:\/\/api.w.org\/{rel}","templated":true}]}}